{"id":77,"date":"2024-04-12T11:40:36","date_gmt":"2024-04-12T11:40:36","guid":{"rendered":"https:\/\/boctopus.es\/home\/"},"modified":"2024-04-24T14:04:27","modified_gmt":"2024-04-24T14:04:27","slug":"home","status":"publish","type":"page","link":"https:\/\/boctopus.es\/fr\/","title":{"rendered":"Home"},"content":{"rendered":"<p>[et_pb_section fb_built=\u00a0\u00bb1&Prime; _builder_version=\u00a0\u00bb4.25.0&Prime; _module_preset=\u00a0\u00bbdefault\u00a0\u00bb background_enable_color=\u00a0\u00bboff\u00a0\u00bb background_image=\u00a0\u00bbhttps:\/\/boctopus.es\/wp-content\/uploads\/2024\/04\/background-min.png\u00a0\u00bb background_enable_mask_style=\u00a0\u00bbon\u00a0\u00bb background_mask_style=\u00a0\u00bbwave\u00a0\u00bb background_mask_transform=\u00a0\u00bbflip_vertical\u00a0\u00bb background_mask_size=\u00a0\u00bbcustom\u00a0\u00bb background_mask_width=\u00a0\u00bb100%\u00a0\u00bb background_mask_height=\u00a0\u00bb113%\u00a0\u00bb overflow-x=\u00a0\u00bbhidden\u00a0\u00bb bottom_divider_repeat=\u00a0\u00bb1x\u00a0\u00bb background_last_edited=\u00a0\u00bbon|tablet\u00a0\u00bb background_mask_transform_tablet=\u00a0\u00bbflip_vertical|rotate_90_degree\u00a0\u00bb background_mask_width_tablet=\u00a0\u00bb116%\u00a0\u00bb background_mask_height_tablet=\u00a0\u00bb110%\u00a0\u00bb global_colors_info=\u00a0\u00bb{}\u00a0\u00bb custom_margin__hover_enabled=\u00a0\u00bbon|desktop\u00a0\u00bb][et_pb_row column_structure=\u00a0\u00bb1_2,1_2&Prime; _builder_version=\u00a0\u00bb4.24.3&Prime; _module_preset=\u00a0\u00bbdefault\u00a0\u00bb global_colors_info=\u00a0\u00bb{}\u00a0\u00bb][et_pb_column type=\u00a0\u00bb1_2&Prime; _builder_version=\u00a0\u00bb4.24.3&Prime; _module_preset=\u00a0\u00bbdefault\u00a0\u00bb global_colors_info=\u00a0\u00bb{}\u00a0\u00bb][et_pb_text _builder_version=\u00a0\u00bb4.24.3&Prime; _module_preset=\u00a0\u00bbdefault\u00a0\u00bb animation_style=\u00a0\u00bbslide\u00a0\u00bb animation_direction=\u00a0\u00bbbottom\u00a0\u00bb animation_intensity_slide=\u00a0\u00bb5%\u00a0\u00bb global_colors_info=\u00a0\u00bb{}\u00a0\u00bb]<\/p>\n<h1>Producteurs<br \/>des c\u00e9phalopodes<\/h1>\n<p>[\/et_pb_text][et_pb_divider color=\u00a0\u00bb#E02B20&Prime; _builder_version=\u00a0\u00bb4.24.3&Prime; _module_preset=\u00a0\u00bbdefault\u00a0\u00bb max_width=\u00a0\u00bb200px\u00a0\u00bb module_alignment=\u00a0\u00bbleft\u00a0\u00bb animation_style=\u00a0\u00bbslide\u00a0\u00bb animation_direction=\u00a0\u00bbleft\u00a0\u00bb global_colors_info=\u00a0\u00bb{}\u00a0\u00bb][\/et_pb_divider][et_pb_text _builder_version=\u00a0\u00bb4.25.0&Prime; _module_preset=\u00a0\u00bbdefault\u00a0\u00bb animation_style=\u00a0\u00bbfade\u00a0\u00bb hover_enabled=\u00a0\u00bb0&Prime; global_colors_info=\u00a0\u00bb{}\u00a0\u00bb sticky_enabled=\u00a0\u00bb0&Prime;]<\/p>\n<p><span>Chez Grupo Boctopus vous trouverez votre expert dans la production de c\u00e9phalopodes. Nos produits sont import\u00e9s de l\u2019un des meilleurs points de production : le Maroc (FAO 34) et conditionn\u00e9 dans nos propres usines. Gr\u00e2ce \u00e0 cela, nous disposons du meilleur rapport qualit\u00e9-prix du march\u00e9.  <\/span><\/p>\n<p>[\/et_pb_text][et_pb_button button_url=\u00a0\u00bb@ET-DC@eyJkeW5hbWljIjp0cnVlLCJjb250ZW50IjoicG9zdF9saW5rX3VybF9wYWdlIiwic2V0dGluZ3MiOnsicG9zdF9pZCI6IjE1In19@\u00a0\u00bb button_text=\u00a0\u00bbSavoir plus\u00a0\u00bb _builder_version=\u00a0\u00bb4.25.0&Prime; _dynamic_attributes=\u00a0\u00bbbutton_url\u00a0\u00bb _module_preset=\u00a0\u00bbdefault\u00a0\u00bb animation_style=\u00a0\u00bbfade\u00a0\u00bb animation_duration=\u00a0\u00bb1500ms\u00a0\u00bb global_colors_info=\u00a0\u00bb{}\u00a0\u00bb][\/et_pb_button][\/et_pb_column][et_pb_column type=\u00a0\u00bb1_2&Prime; _builder_version=\u00a0\u00bb4.24.3&Prime; _module_preset=\u00a0\u00bbdefault\u00a0\u00bb global_colors_info=\u00a0\u00bb{}\u00a0\u00bb][et_pb_image src=\u00a0\u00bbhttps:\/\/boctopus.es\/wp-content\/uploads\/2024\/04\/pulpo-flor-min.png\u00a0\u00bb title_text=\u00a0\u00bbpulpo flor-min\u00a0\u00bb _builder_version=\u00a0\u00bb4.24.3&Prime; _module_preset=\u00a0\u00bbdefault\u00a0\u00bb width_tablet=\u00a0\u00bb430px\u00a0\u00bb width_phone=\u00a0\u00bb430px\u00a0\u00bb width_last_edited=\u00a0\u00bbon|phone\u00a0\u00bb module_alignment=\u00a0\u00bbcenter\u00a0\u00bb scroll_rotating_enable=\u00a0\u00bbon\u00a0\u00bb scroll_rotating=\u00a0\u00bb0|50|50|100|0\u00b0|10\u00b0|0\u00b0\u00a0\u00bb motion_trigger_start=\u00a0\u00bbtop\u00a0\u00bb global_colors_info=\u00a0\u00bb{}\u00a0\u00bb][\/et_pb_image][\/et_pb_column][\/et_pb_row][\/et_pb_section][et_pb_section fb_built=\u00a0\u00bb1&Prime; _builder_version=\u00a0\u00bb4.24.3&Prime; _module_preset=\u00a0\u00bbdefault\u00a0\u00bb global_colors_info=\u00a0\u00bb{}\u00a0\u00bb][et_pb_row _builder_version=\u00a0\u00bb4.24.3&Prime; _module_preset=\u00a0\u00bbdefault\u00a0\u00bb custom_padding=\u00a0\u00bb||2px|||\u00a0\u00bb global_colors_info=\u00a0\u00bb{}\u00a0\u00bb][et_pb_column type=\u00a0\u00bb4_4&Prime; _builder_version=\u00a0\u00bb4.24.3&Prime; _module_preset=\u00a0\u00bbdefault\u00a0\u00bb global_colors_info=\u00a0\u00bb{}\u00a0\u00bb][et_pb_text _builder_version=\u00a0\u00bb4.24.3&Prime; _module_preset=\u00a0\u00bbdefault\u00a0\u00bb header_2_text_align=\u00a0\u00bbcenter\u00a0\u00bb animation_style=\u00a0\u00bbfade\u00a0\u00bb global_colors_info=\u00a0\u00bb{}\u00a0\u00bb]<\/p>\n<h2>Des valeurs qui nous d\u00e9finissent<\/h2>\n<p>[\/et_pb_text][et_pb_divider color=\u00a0\u00bb#E02B20&Prime; _builder_version=\u00a0\u00bb4.24.3&Prime; _module_preset=\u00a0\u00bbdefault\u00a0\u00bb max_width=\u00a0\u00bb200px\u00a0\u00bb module_alignment=\u00a0\u00bbcenter\u00a0\u00bb animation_style=\u00a0\u00bbzoom\u00a0\u00bb global_colors_info=\u00a0\u00bb{}\u00a0\u00bb][\/et_pb_divider][\/et_pb_column][\/et_pb_row][et_pb_row column_structure=\u00a0\u00bb1_4,1_4,1_4,1_4&Prime; _builder_version=\u00a0\u00bb4.24.3&Prime; _module_preset=\u00a0\u00bbdefault\u00a0\u00bb animation_style=\u00a0\u00bbslide\u00a0\u00bb animation_direction=\u00a0\u00bbbottom\u00a0\u00bb global_colors_info=\u00a0\u00bb{}\u00a0\u00bb][et_pb_column type=\u00a0\u00bb1_4&Prime; _builder_version=\u00a0\u00bb4.24.3&Prime; _module_preset=\u00a0\u00bbdefault\u00a0\u00bb global_colors_info=\u00a0\u00bb{}\u00a0\u00bb][et_pb_blurb title=\u00a0\u00bbExcellente mati\u00e8re premi\u00e8re\u00a0\u00bb image=\u00a0\u00bbhttps:\/\/boctopus.es\/wp-content\/uploads\/2024\/04\/icono01.png\u00a0\u00bb image_icon_width=\u00a0\u00bb100px\u00a0\u00bb _builder_version=\u00a0\u00bb4.24.3&Prime; _module_preset=\u00a0\u00bbdefault\u00a0\u00bb text_orientation=\u00a0\u00bbcenter\u00a0\u00bb global_colors_info=\u00a0\u00bb{}\u00a0\u00bb][\/et_pb_blurb][\/et_pb_column][et_pb_column type=\u00a0\u00bb1_4&Prime; _builder_version=\u00a0\u00bb4.24.3&Prime; _module_preset=\u00a0\u00bbdefault\u00a0\u00bb global_colors_info=\u00a0\u00bb{}\u00a0\u00bb][et_pb_blurb title=\u00a0\u00bbProcessus artisanal (p\u00eache et emballage)\u00a0\u00bb image=\u00a0\u00bbhttps:\/\/boctopus.es\/wp-content\/uploads\/2024\/04\/icono02.png\u00a0\u00bb image_icon_width=\u00a0\u00bb100px\u00a0\u00bb _builder_version=\u00a0\u00bb4.24.3&Prime; _module_preset=\u00a0\u00bbdefault\u00a0\u00bb text_orientation=\u00a0\u00bbcenter\u00a0\u00bb global_colors_info=\u00a0\u00bb{}\u00a0\u00bb][\/et_pb_blurb][\/et_pb_column][et_pb_column type=\u00a0\u00bb1_4&Prime; _builder_version=\u00a0\u00bb4.24.3&Prime; _module_preset=\u00a0\u00bbdefault\u00a0\u00bb global_colors_info=\u00a0\u00bb{}\u00a0\u00bb][et_pb_blurb title=\u00a0\u00bbDe la source au client\u00a0\u00bb image=\u00a0\u00bbhttps:\/\/boctopus.es\/wp-content\/uploads\/2024\/04\/icono03.png\u00a0\u00bb image_icon_width=\u00a0\u00bb100px\u00a0\u00bb _builder_version=\u00a0\u00bb4.24.3&Prime; _module_preset=\u00a0\u00bbdefault\u00a0\u00bb text_orientation=\u00a0\u00bbcenter\u00a0\u00bb global_colors_info=\u00a0\u00bb{}\u00a0\u00bb][\/et_pb_blurb][\/et_pb_column][et_pb_column type=\u00a0\u00bb1_4&Prime; _builder_version=\u00a0\u00bb4.24.3&Prime; _module_preset=\u00a0\u00bbdefault\u00a0\u00bb global_colors_info=\u00a0\u00bb{}\u00a0\u00bb][et_pb_blurb title=\u00a0\u00bbProduits avec garantie et contr\u00f4le qualit\u00e9 exhaustif\u00a0\u00bb image=\u00a0\u00bbhttps:\/\/boctopus.es\/wp-content\/uploads\/2024\/04\/icono04.png\u00a0\u00bb image_icon_width=\u00a0\u00bb100px\u00a0\u00bb _builder_version=\u00a0\u00bb4.24.3&Prime; _module_preset=\u00a0\u00bbdefault\u00a0\u00bb text_orientation=\u00a0\u00bbcenter\u00a0\u00bb global_colors_info=\u00a0\u00bb{}\u00a0\u00bb][\/et_pb_blurb][\/et_pb_column][\/et_pb_row][\/et_pb_section][et_pb_section fb_built=\u00a0\u00bb1&Prime; custom_padding_last_edited=\u00a0\u00bbon|phone\u00a0\u00bb _builder_version=\u00a0\u00bb4.24.3&Prime; _module_preset=\u00a0\u00bbdefault\u00a0\u00bb background_color=\u00a0\u00bb#35216e\u00a0\u00bb custom_padding=\u00a0\u00bb||32px||false|false\u00a0\u00bb custom_padding_tablet=\u00a0\u00bb160px||||false|false\u00a0\u00bb custom_padding_phone=\u00a0\u00bb0px||||false|false\u00a0\u00bb bottom_divider_repeat=\u00a0\u00bb1x\u00a0\u00bb global_colors_info=\u00a0\u00bb{}\u00a0\u00bb][et_pb_row _builder_version=\u00a0\u00bb4.24.3&Prime; _module_preset=\u00a0\u00bbdefault\u00a0\u00bb positioning=\u00a0\u00bbabsolute\u00a0\u00bb position_origin_a=\u00a0\u00bbtop_right\u00a0\u00bb position_origin_f=\u00a0\u00bbtop_right\u00a0\u00bb position_origin_r=\u00a0\u00bbtop_right\u00a0\u00bb vertical_offset=\u00a0\u00bb-33px\u00a0\u00bb horizontal_offset=\u00a0\u00bb0px\u00a0\u00bb z_index=\u00a0\u00bb0&Prime; vertical_offset_tablet=\u00a0\u00bb-33px\u00a0\u00bb vertical_offset_phone=\u00a0\u00bb-14px\u00a0\u00bb vertical_offset_last_edited=\u00a0\u00bbon|phone\u00a0\u00bb position_origin_a_tablet=\u00a0\u00bbtop_right\u00a0\u00bb position_origin_a_phone=\u00a0\u00bbtop_right\u00a0\u00bb position_origin_a_last_edited=\u00a0\u00bbon|desktop\u00a0\u00bb position_origin_f_tablet=\u00a0\u00bbtop_right\u00a0\u00bb position_origin_f_phone=\u00a0\u00bbtop_right\u00a0\u00bb position_origin_f_last_edited=\u00a0\u00bbon|desktop\u00a0\u00bb position_origin_r_tablet=\u00a0\u00bbtop_right\u00a0\u00bb position_origin_r_phone=\u00a0\u00bbtop_right\u00a0\u00bb position_origin_r_last_edited=\u00a0\u00bbon|desktop\u00a0\u00bb width=\u00a0\u00bb50%\u00a0\u00bb width_tablet=\u00a0\u00bb50%\u00a0\u00bb width_phone=\u00a0\u00bb100%\u00a0\u00bb width_last_edited=\u00a0\u00bbon|phone\u00a0\u00bb custom_margin=\u00a0\u00bb||||false|false\u00a0\u00bb custom_margin_tablet=\u00a0\u00bb||||false|false\u00a0\u00bb custom_margin_phone=\u00a0\u00bb||-24px||false|false\u00a0\u00bb custom_margin_last_edited=\u00a0\u00bbon|phone\u00a0\u00bb custom_padding=\u00a0\u00bb0px||0px||true|false\u00a0\u00bb positioning_tablet=\u00a0\u00bbabsolute\u00a0\u00bb positioning_phone=\u00a0\u00bbrelative\u00a0\u00bb positioning_last_edited=\u00a0\u00bbon|phone\u00a0\u00bb global_colors_info=\u00a0\u00bb{}\u00a0\u00bb][et_pb_column type=\u00a0\u00bb4_4&Prime; _builder_version=\u00a0\u00bb4.24.3&Prime; _module_preset=\u00a0\u00bbdefault\u00a0\u00bb global_colors_info=\u00a0\u00bb{}\u00a0\u00bb][et_pb_image src=\u00a0\u00bbhttps:\/\/boctopus.es\/wp-content\/uploads\/2024\/04\/mapa.png\u00a0\u00bb title_text=\u00a0\u00bbmapa\u00a0\u00bb align=\u00a0\u00bbright\u00a0\u00bb _builder_version=\u00a0\u00bb4.24.3&Prime; _module_preset=\u00a0\u00bbdefault\u00a0\u00bb animation_style=\u00a0\u00bbfade\u00a0\u00bb global_colors_info=\u00a0\u00bb{}\u00a0\u00bb][\/et_pb_image][\/et_pb_column][\/et_pb_row][et_pb_row column_structure=\u00a0\u00bb1_2,1_2&Prime; _builder_version=\u00a0\u00bb4.24.3&Prime; _module_preset=\u00a0\u00bbdefault\u00a0\u00bb z_index=\u00a0\u00bb2&Prime; global_colors_info=\u00a0\u00bb{}\u00a0\u00bb][et_pb_column type=\u00a0\u00bb1_2&Prime; _builder_version=\u00a0\u00bb4.24.3&Prime; _module_preset=\u00a0\u00bbdefault\u00a0\u00bb animation_style=\u00a0\u00bbslide\u00a0\u00bb animation_direction=\u00a0\u00bbleft\u00a0\u00bb global_colors_info=\u00a0\u00bb{}\u00a0\u00bb][et_pb_text _builder_version=\u00a0\u00bb4.24.3&Prime; _module_preset=\u00a0\u00bbdefault\u00a0\u00bb text_text_color=\u00a0\u00bb#FFFFFF\u00a0\u00bb header_text_color=\u00a0\u00bb#FFFFFF\u00a0\u00bb header_2_text_color=\u00a0\u00bb#FFFFFF\u00a0\u00bb global_colors_info=\u00a0\u00bb{}\u00a0\u00bb]<\/p>\n<h2>Nos ports<br \/>d&rsquo;origine<\/h2>\n<p>[\/et_pb_text][et_pb_divider color=\u00a0\u00bb#E02B20&Prime; _builder_version=\u00a0\u00bb4.24.3&Prime; _module_preset=\u00a0\u00bbdefault\u00a0\u00bb max_width=\u00a0\u00bb200px\u00a0\u00bb module_alignment=\u00a0\u00bbleft\u00a0\u00bb global_colors_info=\u00a0\u00bb{}\u00a0\u00bb][\/et_pb_divider][et_pb_text _builder_version=\u00a0\u00bb4.24.3&Prime; _module_preset=\u00a0\u00bbdefault\u00a0\u00bb text_text_color=\u00a0\u00bb#FFFFFF\u00a0\u00bb global_colors_info=\u00a0\u00bb{}\u00a0\u00bb]<\/p>\n<p>La principale zone de p\u00eache de nos produits est situ\u00e9e au Maroc (zone de p\u00eache FAO 34 Atlantique, centre-est). Nous sommes implant\u00e9s dans les ports d&rsquo;Agadir et de Dakhla.<\/p>\n<p>\u00c0 Malaga (Espagne), nous avons notre centre logistique\/administratif et notre salle de traitement dans le processus de certification IFS. Ici, le produit arrive et est export\u00e9 au niveau national et international, avec des clients dans des pays comme la France, l\u2019Italie, la Belgique et le Portugal. <\/p>\n<p>[\/et_pb_text][\/et_pb_column][et_pb_column type=\u00a0\u00bb1_2&Prime; _builder_version=\u00a0\u00bb4.24.3&Prime; _module_preset=\u00a0\u00bbdefault\u00a0\u00bb global_colors_info=\u00a0\u00bb{}\u00a0\u00bb][\/et_pb_column][\/et_pb_row][\/et_pb_section][et_pb_section fb_built=\u00a0\u00bb1&Prime; _builder_version=\u00a0\u00bb4.24.3&Prime; _module_preset=\u00a0\u00bbdefault\u00a0\u00bb global_colors_info=\u00a0\u00bb{}\u00a0\u00bb][et_pb_row _builder_version=\u00a0\u00bb4.24.3&Prime; _module_preset=\u00a0\u00bbdefault\u00a0\u00bb global_colors_info=\u00a0\u00bb{}\u00a0\u00bb][et_pb_column type=\u00a0\u00bb4_4&Prime; _builder_version=\u00a0\u00bb4.24.3&Prime; _module_preset=\u00a0\u00bbdefault\u00a0\u00bb global_colors_info=\u00a0\u00bb{}\u00a0\u00bb][et_pb_text _builder_version=\u00a0\u00bb4.24.3&Prime; _module_preset=\u00a0\u00bbdefault\u00a0\u00bb header_2_text_align=\u00a0\u00bbcenter\u00a0\u00bb animation_style=\u00a0\u00bbfade\u00a0\u00bb global_colors_info=\u00a0\u00bb{}\u00a0\u00bb]<\/p>\n<h2>Produit de qualit\u00e9<\/h2>\n<p>[\/et_pb_text][et_pb_divider color=\u00a0\u00bb#E02B20&Prime; _builder_version=\u00a0\u00bb4.24.3&Prime; _module_preset=\u00a0\u00bbdefault\u00a0\u00bb max_width=\u00a0\u00bb200px\u00a0\u00bb module_alignment=\u00a0\u00bbcenter\u00a0\u00bb animation_style=\u00a0\u00bbzoom\u00a0\u00bb global_colors_info=\u00a0\u00bb{}\u00a0\u00bb][\/et_pb_divider][wdc_post_carousel arrow_icon_size=\u00a0\u00bb40px\u00a0\u00bb arrow_color=\u00a0\u00bb#35216e\u00a0\u00bb arrow_bg=\u00a0\u00bbRGBA(255,255,255,0)\u00a0\u00bb arrow_pos_y=\u00a0\u00bb40%\u00a0\u00bb arrow_pos_x=\u00a0\u00bb-45px\u00a0\u00bb post_count=\u00a0\u00bb9&Prime; show_content=\u00a0\u00bboff\u00a0\u00bb show_categories=\u00a0\u00bboff\u00a0\u00bb show_author=\u00a0\u00bboff\u00a0\u00bb show_date=\u00a0\u00bboff\u00a0\u00bb show_comment_count=\u00a0\u00bboff\u00a0\u00bb post_bg=\u00a0\u00bb#FFFFFF\u00a0\u00bb image_height=\u00a0\u00bb300px\u00a0\u00bb image_size=\u00a0\u00bbcontain\u00a0\u00bb slide_count_tablet=\u00a0\u00bb2&Prime; slide_count_phone=\u00a0\u00bb1&Prime; slide_count_last_edited=\u00a0\u00bbon|phone\u00a0\u00bb _builder_version=\u00a0\u00bb4.25.0&Prime; _module_preset=\u00a0\u00bbdefault\u00a0\u00bb title_text_align=\u00a0\u00bbcenter\u00a0\u00bb title_font_size=\u00a0\u00bb22px\u00a0\u00bb background_color=\u00a0\u00bbRGBA(255,255,255,0)\u00a0\u00bb animation_style=\u00a0\u00bbslide\u00a0\u00bb animation_direction=\u00a0\u00bbbottom\u00a0\u00bb border_width_all_item=\u00a0\u00bb1px\u00a0\u00bb border_color_all_item=\u00a0\u00bb#35216e\u00a0\u00bb global_colors_info=\u00a0\u00bb{}\u00a0\u00bb title_text_color__hover_enabled=\u00a0\u00bbon|hover\u00a0\u00bb title_text_color__hover=\u00a0\u00bb#C62128&Prime;][\/wdc_post_carousel][\/et_pb_column][\/et_pb_row][\/et_pb_section]<\/p>\n","protected":false},"excerpt":{"rendered":"<p>Producteursdes c\u00e9phalopodesChez Grupo Boctopus vous trouverez votre expert dans la production de c\u00e9phalopodes. Nos produits sont import\u00e9s de l\u2019un des meilleurs points de production : le Maroc (FAO 34) et conditionn\u00e9 dans nos propres usines. Gr\u00e2ce \u00e0 cela, nous disposons du meilleur rapport qualit\u00e9-prix du march\u00e9. Des valeurs qui nous d\u00e9finissentNos portsd&rsquo;origineLa principale zone de [&hellip;]<\/p>\n","protected":false},"author":1,"featured_media":0,"parent":0,"menu_order":0,"comment_status":"closed","ping_status":"closed","template":"","meta":{"_et_pb_use_builder":"on","_et_pb_old_content":"","_et_gb_content_width":"","footnotes":""},"class_list":["post-77","page","type-page","status-publish","hentry"],"_links":{"self":[{"href":"https:\/\/boctopus.es\/fr\/wp-json\/wp\/v2\/pages\/77","targetHints":{"allow":["GET"]}}],"collection":[{"href":"https:\/\/boctopus.es\/fr\/wp-json\/wp\/v2\/pages"}],"about":[{"href":"https:\/\/boctopus.es\/fr\/wp-json\/wp\/v2\/types\/page"}],"author":[{"embeddable":true,"href":"https:\/\/boctopus.es\/fr\/wp-json\/wp\/v2\/users\/1"}],"replies":[{"embeddable":true,"href":"https:\/\/boctopus.es\/fr\/wp-json\/wp\/v2\/comments?post=77"}],"version-history":[{"count":30,"href":"https:\/\/boctopus.es\/fr\/wp-json\/wp\/v2\/pages\/77\/revisions"}],"predecessor-version":[{"id":493,"href":"https:\/\/boctopus.es\/fr\/wp-json\/wp\/v2\/pages\/77\/revisions\/493"}],"wp:attachment":[{"href":"https:\/\/boctopus.es\/fr\/wp-json\/wp\/v2\/media?parent=77"}],"curies":[{"name":"wp","href":"https:\/\/api.w.org\/{rel}","templated":true}]}}